{"id":1051,"date":"2021-10-25T10:25:01","date_gmt":"2021-10-25T10:25:01","guid":{"rendered":"http:\/\/lemonlaw.flywheelsites.com\/?page_id=1051"},"modified":"2023-08-12T17:25:49","modified_gmt":"2023-08-12T17:25:49","slug":"acerca","status":"publish","type":"page","link":"https:\/\/lemonlawassociates.com\/es\/acerca\/","title":{"rendered":"Acerca"},"content":{"rendered":"<ul class=\"wp-block-list\">\n<li>Principal<\/li>\n\n\n\n<li>Acerca<\/li>\n<\/ul>\n\n\n\n<h1 class=\"wp-block-heading\">Acerca de Nuestra Firma<\/h1>\n\n\n\n<p>Acerca de Nuestra Firma<\/p>\n\n\n\n<p>LOS ACOSIADOS DE LA LEY DE LIMON DE CALIFORNIA es una firma de abogados con sede en San Diego que esta dedicada a representar a los consumidores de California en reclamos de ley de lim\u00f3n en todo el estado. Somos l\u00edder en todo el estado en la representaci\u00f3n de los consumidores de California contra los fabricantes de autom\u00f3viles. Ninguna ciudad es excesivamente grande o chica para nuestra representaci\u00f3n. Hemos representado millas de consumidores en todo el estado. Aunque viva en una \u00e1rea metropolitana grande o en una comunidad chica usted va a obtener el mismo nivel excelente de representaci\u00f3n. Hemos ejercido en todo el estado desde palacios de justicia chicos a grandes \u00e1reas metropolitanas. Nosotros conocemos la ley de lim\u00f3n de California.\u00bb<\/p>\n\n\n\n<p><img decoding=\"async\" src=\"https:\/\/lemonlawassociates.com\/wp-content\/uploads\/2021\/09\/susan.png\" sizes=\"(max-width: 459px) 100vw, 459px\" srcset=\"https:\/\/lemonlawassociates.com\/wp-content\/uploads\/2021\/09\/susan.png 459w, https:\/\/lemonlawassociates.com\/wp-content\/uploads\/2021\/09\/susan-300x266.png 300w\" alt=\"\" width=\"459\" height=\"407\"><br><a target=\"_blank\" rel=\"noopener\"><br>Facebook-f<br><\/a><br><a target=\"_blank\" rel=\"noopener\"><br>Gorjeo<br><\/a><br><a target=\"_blank\" rel=\"noopener\"><br>Instagram<br><\/a><br>ASOCIADO | California<\/p>\n\n\n\n<h2 class=\"wp-block-heading\">Abogada Sra. Susan A. Yeck<\/h2>\n\n\n\n<ul class=\"wp-block-list\">\n<li><a href=\"tel:877959-9635\"><br>Llamar: (877)959-9635<br><\/a><\/li>\n\n\n\n<li>2667 Camino Del R\u00edo Sur #200 San Diego, CA 92108<\/li>\n\n\n\n<li>2900 Adams St., Suite A340 Riverside CA 92504<\/li>\n<\/ul>\n\n\n\n<h2 class=\"wp-block-heading\">Nosotros Ejercemos la Ley de lim\u00f3n Exclusivamente:<\/h2>\n\n\n\n<p>El L\u00edder de nuestra firma, la Se\u00f1ora Susan A. Yeck ejerce exclusivamente la ley de lim\u00f3n y es considerada una especialista de la ley de lim\u00f3n. La Senora Yeck ha sido una abogada de juicio por m\u00e1s de 20 a\u00f1os. Ella tiene una gran variedad de experiencia en litigio civil y ha aparecido en tribunales superiores y de apelaci\u00f3n por todo el estado. La Senora Yeck ha presentado un n\u00famero de apelaciones y tiene una opini\u00f3n favorable publicada por La Corte de Apelaciones de California. Anteriormente ella ha servido como \u00e1rbitro designado por el tribunal de justicia y como miembro del panel de resoluci\u00f3n en el Condado de San Diego. La Se\u00f1ora Yeck tambi\u00e9n fue designada como jueza pro tem y jueza del panel de resoluci\u00f3n para el Tribunal Superior de San Diego.<\/p>\n\n\n\n<p>La Se\u00f1ora Yeck es una graduada de la Escuela de Leyes de la Universidad de San Diego.<\/p>\n\n\n\n<p>Para una consulta gratuita y revisi\u00f3n de caso, ll\u00e1manos por todo el estado al <b>877-751-9786<\/b>.<\/p>\n\n\n\n<h2 class=\"wp-block-heading\">Obtenga una consulta gratuita<\/h2>\n\n\n\n<form id=\"wpforms-form-101\" action=\"\/wp-admin\/admin-ajax.php\" enctype=\"multipart\/form-data\" method=\"post\" data-formid=\"101\" data-token=\"1887b6cca73cb759be355937a8abe569\" data-trp-original-action=\"\/wp-admin\/admin-ajax.php\"><noscript>Habilite JavaScript en su navegador para completar este formulario.<\/noscript><label for=\"wpforms-101-field_0\">Nombre *<\/label><input id=\"wpforms-101-field_0\" name=\"wpforms[fields][0]\" required=\"\" type=\"text\" placeholder=\"NOMBRE\"><label for=\"wpforms-101-field_4\"> DIRECCI\u00d3N<\/label><input id=\"wpforms-101-field_4\" name=\"wpforms[fields][4]\" type=\"text\" placeholder=\"DIRECCI\u00d3N\"><label for=\"wpforms-101-field_5\"> Ciudad<\/label><input id=\"wpforms-101-field_5\" name=\"wpforms[fields][5]\" type=\"text\" placeholder=\"CIUDAD\"><label for=\"wpforms-101-field_6\"> Estado<\/label><input id=\"wpforms-101-field_6\" name=\"wpforms[fields][6]\" type=\"text\" placeholder=\"ESTADO\"><label for=\"wpforms-101-field_7\">C\u00d3DIGO POSTAL<\/label><input id=\"wpforms-101-field_7\" name=\"wpforms[fields][7]\" type=\"text\" placeholder=\"C\u00d3DIGO POSTAL\"><label for=\"wpforms-101-field_1\">Correo electr\u00f3nico *<\/label><input id=\"wpforms-101-field_1\" name=\"wpforms[fields][1]\" required=\"\" type=\"email\" placeholder=\"CORREO ELECTR\u00d3NICO\"><label for=\"wpforms-101-field_3\">Tel\u00e9fono<\/label><input id=\"wpforms-101-field_3\" name=\"wpforms[fields][3]\" type=\"text\" placeholder=\"TEL\u00c9FONO\"><label for=\"wpforms-101-field_2\">Comentario o mensaje *<\/label><textarea id=\"wpforms-101-field_2\" name=\"wpforms[fields][2]\" required=\"\" placeholder=\"CU\u00c9NTANOS TU CASO\"><\/textarea><input name=\"wpforms[id]\" type=\"hidden\" value=\"101\"><input name=\"wpforms[author]\" type=\"hidden\" value=\"2\"><button id=\"wpforms-submit-101\" name=\"wpforms[submit]\" type=\"submit\" value=\"wpforms-submit\" aria-live=\"assertive\" data-alt-text=\"Sending...\" data-submit-text=\"SEND MESSAGE\">ENVIAR MENSAJE<\/button><img decoding=\"async\" style=\"display: none;\" src=\"https:\/\/lemonlawassociates.com\/wp-content\/plugins\/wpforms-lite\/assets\/images\/submit-spin.svg\" alt=\"\" width=\"26\" height=\"26\"><input type=\"hidden\" name=\"trp-form-language\" value=\"es\"\/><\/form>","protected":false},"excerpt":{"rendered":"<p>Acerca de Nuestra Firma Acerca de Nuestra Firma LOS ACOSIADOS DE LA LEY DE LIMON DE CALIFORNIA es una firma de abogados con sede en San Diego que esta dedicada a representar a los consumidores de California en reclamos de ley de lim\u00f3n en todo el estado. Somos l\u00edderes en todo el estado en la\u2026<\/p>","protected":false},"author":7,"featured_media":0,"parent":0,"menu_order":0,"comment_status":"closed","ping_status":"closed","template":"","meta":{"_kad_blocks_custom_css":"","_kad_blocks_head_custom_js":"","_kad_blocks_body_custom_js":"","_kad_blocks_footer_custom_js":"","_kad_post_transparent":"","_kad_post_title":"","_kad_post_layout":"normal","_kad_post_sidebar_id":"","_kad_post_content_style":"boxed","_kad_post_vertical_padding":"","_kad_post_feature":"","_kad_post_feature_position":"","_kad_post_header":false,"_kad_post_footer":false,"_kad_post_classname":"","footnotes":""},"class_list":["post-1051","page","type-page","status-publish","hentry"],"aioseo_notices":[],"taxonomy_info":[],"featured_image_src_large":false,"author_info":{"display_name":"Brandon DuBois","author_link":"https:\/\/lemonlawassociates.com\/es\/author\/nerdysouth\/"},"comment_info":0,"_links":{"self":[{"href":"https:\/\/lemonlawassociates.com\/es\/wp-json\/wp\/v2\/pages\/1051","targetHints":{"allow":["GET"]}}],"collection":[{"href":"https:\/\/lemonlawassociates.com\/es\/wp-json\/wp\/v2\/pages"}],"about":[{"href":"https:\/\/lemonlawassociates.com\/es\/wp-json\/wp\/v2\/types\/page"}],"author":[{"embeddable":true,"href":"https:\/\/lemonlawassociates.com\/es\/wp-json\/wp\/v2\/users\/7"}],"replies":[{"embeddable":true,"href":"https:\/\/lemonlawassociates.com\/es\/wp-json\/wp\/v2\/comments?post=1051"}],"version-history":[{"count":0,"href":"https:\/\/lemonlawassociates.com\/es\/wp-json\/wp\/v2\/pages\/1051\/revisions"}],"wp:attachment":[{"href":"https:\/\/lemonlawassociates.com\/es\/wp-json\/wp\/v2\/media?parent=1051"}],"curies":[{"name":"wp","href":"https:\/\/api.w.org\/{rel}","templated":true}]}}