{"id":1008,"date":"2021-10-23T10:40:05","date_gmt":"2021-10-23T10:40:05","guid":{"rendered":"http:\/\/lemonlaw.flywheelsites.com\/?page_id=1008"},"modified":"2023-08-12T17:29:52","modified_gmt":"2023-08-12T17:29:52","slug":"sus-derechos","status":"publish","type":"page","link":"https:\/\/lemonlawassociates.com\/es\/sus-derechos\/","title":{"rendered":"sus derechos"},"content":{"rendered":"<h1 class=\"wp-block-heading\">Sus Derechos con Respecto a la Ley de Lim\u00f3n<\/h1>\n\n\n\n<p>sus derechos<\/p>\n\n\n\n<h1 class=\"wp-block-heading\">Sus Derechos con Respecto a la Ley de Lim\u00f3n<\/h1>\n\n\n\n<p>Si su veh\u00edculo califica como un \u00ablim\u00f3n\u00bb, tiene derecho de una recompra o recambio de su veh\u00edculo, motocicleta o autocaravana. Si tiene un producto de consumo como un remolque de barco para viajar o 5 a llanta usted tiene derecho de un recambio. Una recompra completa incluye reembolso de todos los pagos del carro, dinero de entre y compensaci\u00f3n de costos de retenci\u00f3n que probablemente de ser cubiertos bajo la garant\u00eda. En casos ciertos, el fabricante puede ser responsable para el consumidor por una penalidad civil que puede ser hasta dos veces el valor del costo del consumidor para la recompra. Una imprenta de millaje puede ser aplicada por el uso del veh\u00edculo antes del intento de reparaci\u00f3n de la no conformidad o defecto.<\/p>\n\n\n\n<h1 class=\"wp-block-heading\">Noticias de Bancarrota del Fabricante del Auto Ll\u00e1manos Ahora<\/h1>\n\n\n\n<p>Si\u00e9ntase libre de contactarnos a cualquier tiempo por correo electr\u00f3nico, correo regular o gratis al <b>877-713-4165<\/b>. Si no estamos disponibles por favor deje un mensaje y su llamada va a ser contestada a la mayor brevedad posible. Tambi\u00e9n puede llenar la forma de contacto que est\u00e1 abajo y vamos a responder pronto. No tiene que soportar las salidas del fabricante y que espere su reclamo sea resuelto alg\u00fan d\u00eda. Cuando llame a Los Abogados de la Ley de Lim\u00f3n de California Asociados de Ley, puede encontrarte con representaci\u00f3n y mejor agresi\u00f3n, justicia.<\/p>\n\n\n\n<p>No Hay Costos: Estamos interesados en su problema de lim\u00f3n. Aun si tu veh\u00edculo no califica como un lim\u00f3n nosotros somos capases de darte informaci\u00f3n en otros remedios posibles o dirigirte en la direcci\u00f3n correcta. Ll\u00e1manos ahora, no hay costo. Esperemos hablar con usted.<\/p>\n\n\n\n<p>No Hay Costos: Estamos interesados en su problema de lim\u00f3n. Aun si tu veh\u00edculo no califica como un lim\u00f3n nosotros somos capases de darte informaci\u00f3n en otros remedios posibles o dirigirte en la direcci\u00f3n correcta. Ll\u00e1manos ahora, no hay costo. Esperemos hablar con usted.<\/p>\n\n\n\n<p>hyundai<br>Cadillac<br>infiniti<br>Jaguar<br>volvo<br>nissan<br>GMC<br>Land Rover<br>Acura<br>subaru<br>Maserati<br>lincoln<br>chevrolet<br>todoterreno<br>chrysler<br>Esquivar<br>Promedio<br>kia<br>Vado<br>honda<br>Toyota<br>Volkswagen<br>Buick<br>mazda<br>F\u00cdAT<br>Lexus<br>Mercedes Benz<br>MINI<br>BMW<br>Alfa Romeo<br>Porsche<br>Audi<br><img decoding=\"async\" style=\"width: 510px;\" src=\"https:\/\/fast.wistia.com\/embed\/medias\/tnvhdqaqaf\/swatch\" alt=\"\"><br><img decoding=\"async\" style=\"width: 510px;\" src=\"https:\/\/fast.wistia.com\/embed\/medias\/8r4xti1e6h\/swatch\" alt=\"\"><br><img decoding=\"async\" style=\"width: 500px;\" src=\"https:\/\/fast.wistia.com\/embed\/medias\/pa0o89ms50\/swatch\" alt=\"\"><\/p>","protected":false},"excerpt":{"rendered":"<p>Sus Derechos con Respecto a la Ley de Lim\u00f3n Sus Derechos Sus Derechos con Respecto a la Ley de Lim\u00f3n Si su veh\u00edculo califica como un \u00ablim\u00f3n\u00bb, tiene derecho a una recompra o reemplazo de su veh\u00edculo, motocicleta o autocaravana. Si tiene un producto de consumidor como un remolque de barco para viajar o 5\u2026<\/p>","protected":false},"author":7,"featured_media":0,"parent":0,"menu_order":0,"comment_status":"closed","ping_status":"closed","template":"","meta":{"_kad_blocks_custom_css":"","_kad_blocks_head_custom_js":"","_kad_blocks_body_custom_js":"","_kad_blocks_footer_custom_js":"","_kad_post_transparent":"","_kad_post_title":"","_kad_post_layout":"normal","_kad_post_sidebar_id":"","_kad_post_content_style":"boxed","_kad_post_vertical_padding":"","_kad_post_feature":"","_kad_post_feature_position":"","_kad_post_header":false,"_kad_post_footer":false,"_kad_post_classname":"","footnotes":""},"class_list":["post-1008","page","type-page","status-publish","hentry"],"aioseo_notices":[],"taxonomy_info":[],"featured_image_src_large":false,"author_info":{"display_name":"Brandon DuBois","author_link":"https:\/\/lemonlawassociates.com\/es\/author\/nerdysouth\/"},"comment_info":0,"_links":{"self":[{"href":"https:\/\/lemonlawassociates.com\/es\/wp-json\/wp\/v2\/pages\/1008","targetHints":{"allow":["GET"]}}],"collection":[{"href":"https:\/\/lemonlawassociates.com\/es\/wp-json\/wp\/v2\/pages"}],"about":[{"href":"https:\/\/lemonlawassociates.com\/es\/wp-json\/wp\/v2\/types\/page"}],"author":[{"embeddable":true,"href":"https:\/\/lemonlawassociates.com\/es\/wp-json\/wp\/v2\/users\/7"}],"replies":[{"embeddable":true,"href":"https:\/\/lemonlawassociates.com\/es\/wp-json\/wp\/v2\/comments?post=1008"}],"version-history":[{"count":0,"href":"https:\/\/lemonlawassociates.com\/es\/wp-json\/wp\/v2\/pages\/1008\/revisions"}],"wp:attachment":[{"href":"https:\/\/lemonlawassociates.com\/es\/wp-json\/wp\/v2\/media?parent=1008"}],"curies":[{"name":"wp","href":"https:\/\/api.w.org\/{rel}","templated":true}]}}