{"id":1030,"date":"2021-10-25T10:12:04","date_gmt":"2021-10-25T10:12:04","guid":{"rendered":"http:\/\/lemonlaw.flywheelsites.com\/?page_id=1030"},"modified":"2023-08-12T17:27:55","modified_gmt":"2023-08-12T17:27:55","slug":"estudios-de-casos","status":"publish","type":"page","link":"https:\/\/lemonlawassociates.com\/es\/estudios-de-casos\/","title":{"rendered":"Estudios de Casos"},"content":{"rendered":"<h1 class=\"wp-block-heading\">Estudios de Casos de la Ley de Lim\u00f3n<\/h1>\n\n\n\n<p>Estudios de Casos de la Ley de Lim\u00f3n<\/p>\n\n\n\n<p>No hay caso \u00abt\u00edpico\u00bb de la ley de lim\u00f3n. Cada caso es unico. Lo siguiente son nada m\u00e1s unos ejemplos de c\u00f3mo hemos ayudado a los Consumidores de California: (los nombres de los fabricantes y clientes no son nombrados para tener confianza)<\/p>\n\n\n\n<p>Cami\u00f3n del 2006, comprado nuevo. El consumidor tenia varias quejas de frenos malos, problemas del motor y vibraciones cuando daba vuelta. Previamente a contactar a Los Asociados de la Ley de Lim\u00f3n de California el cliente present\u00f3 una queja con el departamento de asistencia para el consumidor del fabricante. El pedido del cliente para una recompra o recambio fue desechada. Despu\u00e9s de quedarse con nuestra firma, el cliente recibi\u00f3 una recompra completa del veh\u00edculo. Durante el tiempo de recompra el veh\u00edculo tenia casi 50,000 millas.<\/p>\n\n\n\n<p>2004 Sedan de Lujo comprado usado con varias quejas de fallas de frenos. Durante el tiempo de compras este vehiculo tenia mas de 30,000 millas. Antes de contactar a nuestra firma el cliente a llevado a su vehiculo para reparaciones de frenos en aproximadamente 9 ocasiones. Ya cuando Los Asociados de la Ley de Lim\u00f3n fueron con el cliente, el fabricante se puso de acuerdo de dar una recompra completa.<\/p>\n\n\n\n<p>2006 Sed\u00e1n comprado nuevo. Desde el d\u00eda de la compra el consumidor vio muchos problemas el\u00e9ctricos que causaron que el veh\u00edculo no prenda. El consumidor fue atorado muchas veces por causa de esta condicion. El fabricante neg\u00f3 responsabilidad porque insisti\u00f3 en que el comerciante da\u00f1\u00f3 el veh\u00edculo cuando instal\u00f3 una alarma de carro. Los Asociados de la Ley de Lim\u00f3n presentaron una demanda contra el fabricante y el comerciante de carros y recibieron un acuerdo monetario contra el fabricante y el comerciante de carros que fue igualmente como una recompra del veh\u00edculo del cliente. El cliente tambi\u00e9n fue capaz de quedarse con su veh\u00edculo aunque haya recibido da\u00f1os de la recompra.<\/p>\n\n\n\n<p>Cami\u00f3n del 2008 comprado nuevo. El consumidor vio muchos problemas con el veh\u00edculo vibrando y temblando mientras jalaba un trailer de 5 llantas. Los Asociados de la Ley de Lim\u00f3n mandaron una carta al fabricante demandando la recompra de la camioneta. El fabricante la rechazada. Los Asociados de la Ley de Lim\u00f3n presentaron una demanda contra el fabricante y el fabricante ofreci\u00f3 la recompra de la camioneta.<\/p>\n\n\n\n<h2 class=\"wp-block-heading\">Los Especialistas de la Ley de Lim\u00f3n<\/h2>\n\n\n\n<p>Estos son pocos de los casos que hemos encontrado representando miles de consumidores de California. Ll\u00e1manos ahora al <a href=\"callto:8779553666\">877-751-9786<\/a> para ver si te podemos ayudar. Sin costo alguno. Aunque usted a comprado un lim\u00f3n no quiere decir que se tiene que quedar con uno.<\/p>\n\n\n\n<p><a role=\"button\" href=\"https:\/\/lemonlawassociates.com\/es\/?page_id=85\"><br>Cont\u00e1ctenos<br><\/a><\/p>","protected":false},"excerpt":{"rendered":"<p>Estudios de Casos de la Ley de Lim\u00f3n Estudios de Casos de la Ley de Lim\u00f3n No hay caso \u00abt\u00edpico\u00bb de la ley de lim\u00f3n. Cada caso es \u00fanico. Lo siguiente son nadamas unos ejemplos de c\u00f3mo hemos ayudado a los Consumidores de California: (los nombres de los fabricantes y clientes no son nombrados para tener\u2026<\/p>","protected":false},"author":7,"featured_media":0,"parent":0,"menu_order":0,"comment_status":"closed","ping_status":"closed","template":"","meta":{"_kad_blocks_custom_css":"","_kad_blocks_head_custom_js":"","_kad_blocks_body_custom_js":"","_kad_blocks_footer_custom_js":"","_kad_post_transparent":"","_kad_post_title":"","_kad_post_layout":"normal","_kad_post_sidebar_id":"","_kad_post_content_style":"boxed","_kad_post_vertical_padding":"","_kad_post_feature":"","_kad_post_feature_position":"","_kad_post_header":false,"_kad_post_footer":false,"_kad_post_classname":"","footnotes":""},"class_list":["post-1030","page","type-page","status-publish","hentry"],"aioseo_notices":[],"taxonomy_info":[],"featured_image_src_large":false,"author_info":{"display_name":"Brandon DuBois","author_link":"https:\/\/lemonlawassociates.com\/es\/author\/nerdysouth\/"},"comment_info":0,"_links":{"self":[{"href":"https:\/\/lemonlawassociates.com\/es\/wp-json\/wp\/v2\/pages\/1030","targetHints":{"allow":["GET"]}}],"collection":[{"href":"https:\/\/lemonlawassociates.com\/es\/wp-json\/wp\/v2\/pages"}],"about":[{"href":"https:\/\/lemonlawassociates.com\/es\/wp-json\/wp\/v2\/types\/page"}],"author":[{"embeddable":true,"href":"https:\/\/lemonlawassociates.com\/es\/wp-json\/wp\/v2\/users\/7"}],"replies":[{"embeddable":true,"href":"https:\/\/lemonlawassociates.com\/es\/wp-json\/wp\/v2\/comments?post=1030"}],"version-history":[{"count":0,"href":"https:\/\/lemonlawassociates.com\/es\/wp-json\/wp\/v2\/pages\/1030\/revisions"}],"wp:attachment":[{"href":"https:\/\/lemonlawassociates.com\/es\/wp-json\/wp\/v2\/media?parent=1030"}],"curies":[{"name":"wp","href":"https:\/\/api.w.org\/{rel}","templated":true}]}}