{"id":1092,"date":"2021-10-25T11:37:47","date_gmt":"2021-10-25T11:37:47","guid":{"rendered":"http:\/\/lemonlaw.flywheelsites.com\/?page_id=1092"},"modified":"2023-08-12T17:22:28","modified_gmt":"2023-08-12T17:22:28","slug":"areas-de-practica","status":"publish","type":"page","link":"https:\/\/lemonlawassociates.com\/es\/areas-de-practica\/","title":{"rendered":"\u00c1reas de Pr\u00e1ctica"},"content":{"rendered":"<h2>\u00c1reas de Pr\u00e1ctica<\/h2>\n<p>Los Asociados de la Ley de Lim\u00f3n de California representan a consumidores de California que tienen reclamos de ley para nuevos y tambi\u00e9n para veh\u00edculos usados comprados o alquilados en California. Espec\u00edficamente bajo la \u00abSong-Beverly Acta de Garant\u00eda,\u00bb (Ley de lim\u00f3n de California) un \u00abvehiculo\u00bb esta asignado de acuerdo con teniendo una cantidad de peso bajo de 10,000 libras, o el chasis, cabina de chasis, y esa porci\u00f3n del autocaravana dedicada a su propulsi\u00f3n. Las motocicletas tambi\u00e9n califican si est\u00e1n registradas como \u00ablegalmente para la calle\u00bb.<\/p>\n<p>Tambi\u00e9n representamos clientes que tienen otros bienes del consumidor que califican como limones. Estos bienes incluyen remolque (5 a llanta o enganche), y barcos motorizados.<\/p>\n<p>Frecuentemente, los clientes prospectivos quieren saber si sus veh\u00edculos o bienes del consumidor califican para tratamiento de \u00abley de lim\u00f3n.\u00bb Los Asociados de la Ley de Lim\u00f3n de California toman gran variedad de casos de nuevos usados y veh\u00edculos recreacionales para reclamos de la ley de lim\u00f3n contra el fabricante.<\/p>\n<h2>Otros Vehiculos Recreacionales<\/h2>\n<p>La ley de lim\u00f3n de California es aplicable no m\u00e1s si tu veh\u00edculo fue comprado o alquilado en California. Si compraste o alquilaste un veh\u00edculo o un bien del consumidor fuera de California, debes contactar una firma de abogado licenciada para practicar en ese estado donde el veh\u00edculo o bien del consumidor fue comprado.<\/p>\n<p>Nuestra firma practica la Ley de Lim\u00f3n de California exclusivamente. Nosotros damos a nuestros clientes una representaci\u00f3n agresiva que si da resultado. Tambi\u00e9n tomamos el tiempo para dar a cada cliente el cuidado individual que el o ella merece. Nunca va ser tratado como un n\u00famero cuando nos escoge como su Abogado de la Ley de Lim\u00f3n de California.<\/p>\n<p>Si alguien tiene pregunta si tu veh\u00edculo o bien del consumidor califica como un lim\u00f3n, ll\u00e1manos al 788-955-3666. Nunca le cobramos a nuestros clientes nada.<\/p>","protected":false},"excerpt":{"rendered":"<p>\u00c1reas de Practica Los Asociados de la Ley de Lim\u00f3n de California representan consumidores de California que tienen reclamos de ley para nuevos y tambi\u00e9n para veh\u00edculos usados comprados o alquilados en California. Espec\u00edficamente bajo la \u00abSong-Beverly Acta de Garant\u00eda,\u00bb (Ley de lim\u00f3n de California) un \u00abveh\u00edculo\u00bb esta asignado de acuerdo con tener una cantidad\u2026<\/p>","protected":false},"author":7,"featured_media":0,"parent":0,"menu_order":0,"comment_status":"closed","ping_status":"closed","template":"","meta":{"_kad_blocks_custom_css":"","_kad_blocks_head_custom_js":"","_kad_blocks_body_custom_js":"","_kad_blocks_footer_custom_js":"","_kad_post_transparent":"","_kad_post_title":"","_kad_post_layout":"normal","_kad_post_sidebar_id":"","_kad_post_content_style":"boxed","_kad_post_vertical_padding":"","_kad_post_feature":"","_kad_post_feature_position":"","_kad_post_header":false,"_kad_post_footer":false,"_kad_post_classname":"","footnotes":""},"class_list":["post-1092","page","type-page","status-publish","hentry"],"aioseo_notices":[],"taxonomy_info":[],"featured_image_src_large":false,"author_info":{"display_name":"Brandon DuBois","author_link":"https:\/\/lemonlawassociates.com\/es\/author\/nerdysouth\/"},"comment_info":0,"_links":{"self":[{"href":"https:\/\/lemonlawassociates.com\/es\/wp-json\/wp\/v2\/pages\/1092","targetHints":{"allow":["GET"]}}],"collection":[{"href":"https:\/\/lemonlawassociates.com\/es\/wp-json\/wp\/v2\/pages"}],"about":[{"href":"https:\/\/lemonlawassociates.com\/es\/wp-json\/wp\/v2\/types\/page"}],"author":[{"embeddable":true,"href":"https:\/\/lemonlawassociates.com\/es\/wp-json\/wp\/v2\/users\/7"}],"replies":[{"embeddable":true,"href":"https:\/\/lemonlawassociates.com\/es\/wp-json\/wp\/v2\/comments?post=1092"}],"version-history":[{"count":0,"href":"https:\/\/lemonlawassociates.com\/es\/wp-json\/wp\/v2\/pages\/1092\/revisions"}],"wp:attachment":[{"href":"https:\/\/lemonlawassociates.com\/es\/wp-json\/wp\/v2\/media?parent=1092"}],"curies":[{"name":"wp","href":"https:\/\/api.w.org\/{rel}","templated":true}]}}